{"id":9,"date":"2023-04-08T16:29:19","date_gmt":"2023-04-08T19:29:19","guid":{"rendered":"https:\/\/energiaeambiente.org.br\/qualidadedoar\/?page_id=9"},"modified":"2024-02-27T10:30:05","modified_gmt":"2024-02-27T13:30:05","slug":"home","status":"publish","type":"page","link":"https:\/\/energiaeambiente.org.br\/qualidadedoar\/es\/","title":{"rendered":"home"},"content":{"rendered":"<p>La contaminaci\u00f3n atmosf\u00e9rica causa varios problemas sociales y medioambientales. En cuanto a la salud de la poblaci\u00f3n, provoca diversos da\u00f1os e incluso el agravamiento de enfermedades que pueden llevar a la muerte. Otro efecto nocivo es sobre el medio ambiente, ya que contamina los cursos de agua y el suelo, lo que afecta negativamente a los ecosistemas naturales. Tambi\u00e9n perjudica a la agricultura y degrada las infraestructuras urbanas.<\/p>\n<p>Saber qu\u00e9 y cu\u00e1ntos contaminantes est\u00e1n presentes en el aire es el primer paso para abordar este grave problema. Cabe se\u00f1alar que la calidad del aire en un lugar determinado var\u00eda en funci\u00f3n de la proximidad de las fuentes de emisiones contaminantes, las condiciones meteorol\u00f3gicas y la topograf\u00eda de la regi\u00f3n. Una vez diagnosticada la mala calidad del aire, se empieza entonces a comprender sus causas para planificar y ejecutar estrategias de control de las emisiones de contaminantes locales y se debe advertir a la poblaci\u00f3n de sus riesgos.<\/p>\n<p>Con el fin de generar transparencia de esta informaci\u00f3n, lo que tambi\u00e9n ayuda en la creaci\u00f3n y mejora de las pol\u00edticas p\u00fablicas, el Instituto de Energ\u00eda y Medio Ambiente (IEMA) mantiene desde 2015 la Plataforma de Calidad del Aire con datos y an\u00e1lisis sobre el monitoreo de la calidad del aire realizado en Brasil. Estos datos se obtienen y organizan a partir de fuentes abiertas, de los Informes Anuales de Calidad del Aire de los Estados y, tambi\u00e9n, averiguando la informaci\u00f3n directamente con los organismos p\u00fablicos ambientales.<\/p>\n<p>En la plataforma los datos de calidad del aire pueden consultarse seg\u00fan la clasificaci\u00f3n del \u00cdndice de Calidad del Aire (ICA) o compararse con las normas de calidad del aire adoptadas en Brasil y los valores gu\u00eda de la Organizaci\u00f3n Mundial de la Salud (OMS). Desde la Plataforma de Calidad del Aire es posible consultar la calidad del aire en los paneles interactivos siguientes o en las bases de datos disponibles para descargar.<\/p>\n","protected":false},"excerpt":{"rendered":"<p>La contaminaci\u00f3n atmosf\u00e9rica causa varios problemas sociales y medioambientales. En cuanto a la salud de la poblaci\u00f3n, provoca diversos da\u00f1os e incluso el agravamiento de enfermedades que pueden llevar a la muerte. Otro efecto nocivo es sobre el medio ambiente, ya que contamina los cursos de agua y el suelo, lo que afecta negativamente a [&hellip;]<\/p>\n","protected":false},"author":1,"featured_media":0,"parent":0,"menu_order":0,"comment_status":"closed","ping_status":"closed","template":"","meta":[],"_links":{"self":[{"href":"https:\/\/energiaeambiente.org.br\/qualidadedoar\/es\/wp-json\/wp\/v2\/pages\/9"}],"collection":[{"href":"https:\/\/energiaeambiente.org.br\/qualidadedoar\/es\/wp-json\/wp\/v2\/pages"}],"about":[{"href":"https:\/\/energiaeambiente.org.br\/qualidadedoar\/es\/wp-json\/wp\/v2\/types\/page"}],"author":[{"embeddable":true,"href":"https:\/\/energiaeambiente.org.br\/qualidadedoar\/es\/wp-json\/wp\/v2\/users\/1"}],"replies":[{"embeddable":true,"href":"https:\/\/energiaeambiente.org.br\/qualidadedoar\/es\/wp-json\/wp\/v2\/comments?post=9"}],"version-history":[{"count":20,"href":"https:\/\/energiaeambiente.org.br\/qualidadedoar\/es\/wp-json\/wp\/v2\/pages\/9\/revisions"}],"predecessor-version":[{"id":515,"href":"https:\/\/energiaeambiente.org.br\/qualidadedoar\/es\/wp-json\/wp\/v2\/pages\/9\/revisions\/515"}],"wp:attachment":[{"href":"https:\/\/energiaeambiente.org.br\/qualidadedoar\/es\/wp-json\/wp\/v2\/media?parent=9"}],"curies":[{"name":"wp","href":"https:\/\/api.w.org\/{rel}","templated":true}]}}