{"id":9,"date":"2023-04-08T16:29:19","date_gmt":"2023-04-08T19:29:19","guid":{"rendered":"https:\/\/energiaeambiente.org.br\/qualidadedoar\/?page_id=9"},"modified":"2025-06-27T17:56:56","modified_gmt":"2025-06-27T20:56:56","slug":"home","status":"publish","type":"page","link":"https:\/\/energiaeambiente.org.br\/qualidadedoar\/","title":{"rendered":"home"},"content":{"rendered":"<p><strong>A polui\u00e7\u00e3o do ar causa diversos problemas sociais e ambientais. Com rela\u00e7\u00e3o \u00e0 sa\u00fade da popula\u00e7\u00e3o, ela causa danos diversos e at\u00e9 o agravamento de doen\u00e7as que podem levar \u00e0 morte<\/strong>. Outro efeito prejudicial se d\u00e1 ao meio ambiente, ela polui os cursos de \u00e1gua e o solo afetando, assim, negativamente os ecossistemas naturais. O que gera preju\u00edzos \u00e0 agricultura e degrada infraestruturas urbanas.<\/p>\n<p><strong>Saber quais e a quantidade de poluentes presentes no ar \u00e9 o primeiro passo para enfrentar esse grave problema. <\/strong>Vale ressaltar que a qualidade do ar em um determinado local varia de acordo com a proximidade de fontes de emiss\u00f5es de poluentes, com as condi\u00e7\u00f5es meteorol\u00f3gicas e com a topografia da regi\u00e3o. Uma vez diagnosticada a m\u00e1 qualidade do ar, passa-se, ent\u00e3o, a entender quais as suas causas para planejar e executar estrat\u00e9gias de controle das emiss\u00f5es dos poluentes locais e deveria-se alertar a popula\u00e7\u00e3o sobre seus riscos.<\/p>\n<p>Com o intuito de gerar transpar\u00eancia dessas informa\u00e7\u00f5es, o que tamb\u00e9m auxilia na cria\u00e7\u00e3o e no aperfei\u00e7oamento de pol\u00edticas p\u00fablicas, o<strong> Instituto de Energia e Meio Ambiente (IEMA) mant\u00e9m desde 2015 a Plataforma da Qualidade do Ar com dados e an\u00e1lises sobre o monitoramento da qualidade do ar realizados no Brasil.<\/strong> Esses dados s\u00e3o obtidos e organizados a partir de fontes abertas, dos Relat\u00f3rios Anuais de Qualidade do Ar dos Estados e, tamb\u00e9m, por meio da apura\u00e7\u00e3o das informa\u00e7\u00f5es diretamente com os \u00f3rg\u00e3os p\u00fablicos ambientais.<\/p>\n<p>Na plataforma, os dados de qualidade do ar podem ser consultados conforme a classifica\u00e7\u00e3o do \u00cdndice de Qualidade do Ar (IQAr) ou compar\u00e1vel aos padr\u00f5es de qualidade do ar, adotados no Brasil e valores-guias da Organiza\u00e7\u00e3o Mundial da Sa\u00fade (OMS). A partir da Plataforma da Qualidade do Ar, \u00e9 poss\u00edvel checar a qualidade do ar nos pain\u00e9is interativos a seguir ou nas bases de dados disponibilizadas para downloads.<\/p>\n","protected":false},"excerpt":{"rendered":"<p>A polui\u00e7\u00e3o do ar causa diversos problemas sociais e ambientais. Com rela\u00e7\u00e3o \u00e0 sa\u00fade da popula\u00e7\u00e3o, ela causa danos diversos e at\u00e9 o agravamento de doen\u00e7as que podem levar \u00e0 morte. Outro efeito prejudicial se d\u00e1 ao meio ambiente, ela polui os cursos de \u00e1gua e o solo afetando, assim, negativamente os ecossistemas naturais. O [&hellip;]<\/p>\n","protected":false},"author":1,"featured_media":0,"parent":0,"menu_order":0,"comment_status":"closed","ping_status":"closed","template":"","meta":[],"_links":{"self":[{"href":"https:\/\/energiaeambiente.org.br\/qualidadedoar\/wp-json\/wp\/v2\/pages\/9"}],"collection":[{"href":"https:\/\/energiaeambiente.org.br\/qualidadedoar\/wp-json\/wp\/v2\/pages"}],"about":[{"href":"https:\/\/energiaeambiente.org.br\/qualidadedoar\/wp-json\/wp\/v2\/types\/page"}],"author":[{"embeddable":true,"href":"https:\/\/energiaeambiente.org.br\/qualidadedoar\/wp-json\/wp\/v2\/users\/1"}],"replies":[{"embeddable":true,"href":"https:\/\/energiaeambiente.org.br\/qualidadedoar\/wp-json\/wp\/v2\/comments?post=9"}],"version-history":[{"count":151,"href":"https:\/\/energiaeambiente.org.br\/qualidadedoar\/wp-json\/wp\/v2\/pages\/9\/revisions"}],"predecessor-version":[{"id":475,"href":"https:\/\/energiaeambiente.org.br\/qualidadedoar\/wp-json\/wp\/v2\/pages\/9\/revisions\/475"}],"wp:attachment":[{"href":"https:\/\/energiaeambiente.org.br\/qualidadedoar\/wp-json\/wp\/v2\/media?parent=9"}],"curies":[{"name":"wp","href":"https:\/\/api.w.org\/{rel}","templated":true}]}}